{"id":118,"date":"2021-06-14T10:56:18","date_gmt":"2021-06-14T10:56:18","guid":{"rendered":"https:\/\/scoalaberzunti.ro\/?page_id=118"},"modified":"2021-06-14T11:21:01","modified_gmt":"2021-06-14T11:21:01","slug":"informatii-admitere-la-liceu-si-scoli-profesionale","status":"publish","type":"page","link":"https:\/\/scoalaberzunti.ro\/?page_id=118","title":{"rendered":"Admitere \u00eenv\u0103\u021b\u0103m\u00e2nt liceal"},"content":{"rendered":"\t\t<div data-elementor-type=\"wp-page\" data-elementor-id=\"118\" class=\"elementor elementor-118\">\n\t\t\t\t\t\t<section class=\"elementor-section elementor-top-section elementor-element elementor-element-514ba4a elementor-section-boxed elementor-section-height-default elementor-section-height-default\" data-id=\"514ba4a\" data-element_type=\"section\" data-e-type=\"section\">\n\t\t\t\t\t\t<div class=\"elementor-container elementor-column-gap-default\">\n\t\t\t\t\t<div class=\"elementor-column elementor-col-100 elementor-top-column elementor-element elementor-element-5ea9ebd\" data-id=\"5ea9ebd\" data-element_type=\"column\" data-e-type=\"column\">\n\t\t\t<div class=\"elementor-widget-wrap elementor-element-populated\">\n\t\t\t\t\t\t<div class=\"elementor-element elementor-element-2ee87a4 elementor-tabs-view-horizontal elementor-widget elementor-widget-tabs\" data-id=\"2ee87a4\" data-element_type=\"widget\" data-e-type=\"widget\" data-widget_type=\"tabs.default\">\n\t\t\t\t<div class=\"elementor-widget-container\">\n\t\t\t\t\t\t\t<div class=\"elementor-tabs\">\n\t\t\t<div class=\"elementor-tabs-wrapper\" role=\"tablist\" >\n\t\t\t\t\t\t\t\t\t<div id=\"elementor-tab-title-4911\" class=\"elementor-tab-title elementor-tab-desktop-title\" aria-selected=\"true\" data-tab=\"1\" role=\"tab\" tabindex=\"0\" aria-controls=\"elementor-tab-content-4911\" aria-expanded=\"false\">ADMITEREA \u00ceN \u00ceNV\u0102\u0162\u0102M\u00c2NTUL LICEAL, PROFESIONAL DE STAT \u015eI DUAL DIN JUDE\u021aUL BAC\u0102U Pentru anul \u015fcolar 2020-2021<\/div>\n\t\t\t\t\t\t\t\t\t<div id=\"elementor-tab-title-4912\" class=\"elementor-tab-title elementor-tab-desktop-title\" aria-selected=\"false\" data-tab=\"2\" role=\"tab\" tabindex=\"-1\" aria-controls=\"elementor-tab-content-4912\" aria-expanded=\"false\">O R D I N pentru modificarea \u0219i completarea ordinului ministrului educa\u021biei \u0219i cercet\u0103rii nr. 5457\/2020 privind organizarea \u0219i desf\u0103\u0219urarea admiterii \u00een \u00eenv\u0103\u021b\u0103m\u00e2ntul liceal de stat pentru anul \u0219colar 2021-2022<\/div>\n\t\t\t\t\t\t\t<\/div>\n\t\t\t<div class=\"elementor-tabs-content-wrapper\" role=\"tablist\" aria-orientation=\"vertical\">\n\t\t\t\t\t\t\t\t\t<div class=\"elementor-tab-title elementor-tab-mobile-title\" aria-selected=\"true\" data-tab=\"1\" role=\"tab\" tabindex=\"0\" aria-controls=\"elementor-tab-content-4911\" aria-expanded=\"false\">ADMITEREA \u00ceN \u00ceNV\u0102\u0162\u0102M\u00c2NTUL LICEAL, PROFESIONAL DE STAT \u015eI DUAL DIN JUDE\u021aUL BAC\u0102U Pentru anul \u015fcolar 2020-2021<\/div>\n\t\t\t\t\t<div id=\"elementor-tab-content-4911\" class=\"elementor-tab-content elementor-clearfix\" data-tab=\"1\" role=\"tabpanel\" aria-labelledby=\"elementor-tab-title-4911\" tabindex=\"0\" hidden=\"false\"><p><a href=\"https:\/\/scoalaberzunti.ro\/wp-content\/uploads\/2021\/06\/BC_Brosura_admitere_2020_2021.pdf\">BC_Brosura_admitere_2020_2021<\/a><\/p><\/div>\n\t\t\t\t\t\t\t\t\t<div class=\"elementor-tab-title elementor-tab-mobile-title\" aria-selected=\"false\" data-tab=\"2\" role=\"tab\" tabindex=\"-1\" aria-controls=\"elementor-tab-content-4912\" aria-expanded=\"false\">O R D I N pentru modificarea \u0219i completarea ordinului ministrului educa\u021biei \u0219i cercet\u0103rii nr. 5457\/2020 privind organizarea \u0219i desf\u0103\u0219urarea admiterii \u00een \u00eenv\u0103\u021b\u0103m\u00e2ntul liceal de stat pentru anul \u0219colar 2021-2022<\/div>\n\t\t\t\t\t<div id=\"elementor-tab-content-4912\" class=\"elementor-tab-content elementor-clearfix\" data-tab=\"2\" role=\"tabpanel\" aria-labelledby=\"elementor-tab-title-4912\" tabindex=\"0\" hidden=\"hidden\"><p><a href=\"https:\/\/scoalaberzunti.ro\/wp-content\/uploads\/2021\/06\/OM-3721_2021.pdf\">OM-3721_2021<\/a><\/p><\/div>\n\t\t\t\t\t\t\t<\/div>\n\t\t<\/div>\n\t\t\t\t\t\t<\/div>\n\t\t\t\t<\/div>\n\t\t\t\t\t<\/div>\n\t\t<\/div>\n\t\t\t\t\t<\/div>\n\t\t<\/section>\n\t\t\t\t<\/div>\n\t\t","protected":false},"excerpt":{"rendered":"<p>ADMITEREA \u00ceN \u00ceNV\u0102\u0162\u0102M\u00c2NTUL LICEAL, PROFESIONAL DE STAT \u015eI DUAL DIN JUDE\u021aUL BAC\u0102U Pentru anul \u015fcolar 2020-2021 O R D I N pentru modificarea \u0219i completarea ordinului ministrului educa\u021biei \u0219i cercet\u0103rii nr. 5457\/2020 privind organizarea \u0219i desf\u0103\u0219urarea admiterii \u00een \u00eenv\u0103\u021b\u0103m\u00e2ntul liceal de stat pentru anul \u0219colar 2021-2022 ADMITEREA \u00ceN \u00ceNV\u0102\u0162\u0102M\u00c2NTUL LICEAL, PROFESIONAL DE STAT \u015eI DUAL&nbsp;&hellip;<\/p>\n","protected":false},"author":5,"featured_media":0,"parent":0,"menu_order":0,"comment_status":"closed","ping_status":"closed","template":"","meta":{"_monsterinsights_skip_tracking":false,"_monsterinsights_sitenote_active":false,"_monsterinsights_sitenote_note":"","_monsterinsights_sitenote_category":0,"footnotes":""},"class_list":["post-118","page","type-page","status-publish","hentry"],"aioseo_notices":[],"_links":{"self":[{"href":"https:\/\/scoalaberzunti.ro\/index.php?rest_route=\/wp\/v2\/pages\/118","targetHints":{"allow":["GET"]}}],"collection":[{"href":"https:\/\/scoalaberzunti.ro\/index.php?rest_route=\/wp\/v2\/pages"}],"about":[{"href":"https:\/\/scoalaberzunti.ro\/index.php?rest_route=\/wp\/v2\/types\/page"}],"author":[{"embeddable":true,"href":"https:\/\/scoalaberzunti.ro\/index.php?rest_route=\/wp\/v2\/users\/5"}],"replies":[{"embeddable":true,"href":"https:\/\/scoalaberzunti.ro\/index.php?rest_route=%2Fwp%2Fv2%2Fcomments&post=118"}],"version-history":[{"count":8,"href":"https:\/\/scoalaberzunti.ro\/index.php?rest_route=\/wp\/v2\/pages\/118\/revisions"}],"predecessor-version":[{"id":229,"href":"https:\/\/scoalaberzunti.ro\/index.php?rest_route=\/wp\/v2\/pages\/118\/revisions\/229"}],"wp:attachment":[{"href":"https:\/\/scoalaberzunti.ro\/index.php?rest_route=%2Fwp%2Fv2%2Fmedia&parent=118"}],"curies":[{"name":"wp","href":"https:\/\/api.w.org\/{rel}","templated":true}]}}